{"id":4805,"date":"2020-09-17T23:44:02","date_gmt":"2020-09-17T21:44:02","guid":{"rendered":"https:\/\/webofka.sk\/seo-suchmaschinenoptimierung\/"},"modified":"2026-03-13T19:25:08","modified_gmt":"2026-03-13T18:25:08","slug":"seo-suchmaschinenoptimierung","status":"publish","type":"page","link":"https:\/\/webofka.sk\/de\/seo-suchmaschinenoptimierung\/","title":{"rendered":"SEO &#8211; Suchmaschinenoptimierung"},"content":{"rendered":"\t\t<div data-elementor-type=\"wp-page\" data-elementor-id=\"4805\" class=\"elementor elementor-4805 elementor-2154\" data-elementor-post-type=\"page\">\n\t\t\t\t\t\t<section class=\"elementor-section elementor-top-section elementor-element elementor-element-7ee2bf5 elementor-section-height-min-height elementor-section-boxed elementor-section-height-default elementor-section-items-middle\" data-id=\"7ee2bf5\" data-element_type=\"section\" data-e-type=\"section\" data-settings=\"{&quot;background_background&quot;:&quot;classic&quot;,&quot;jet_parallax_layout_list&quot;:[]}\">\n\t\t\t\t\t\t<div class=\"elementor-container elementor-column-gap-wider\">\n\t\t\t\t\t<div class=\"elementor-column elementor-col-100 elementor-top-column elementor-element elementor-element-1a6c1cdd\" data-id=\"1a6c1cdd\" data-element_type=\"column\" data-e-type=\"column\">\n\t\t\t<div class=\"elementor-widget-wrap elementor-element-populated\">\n\t\t\t\t\t\t\t<\/div>\n\t\t<\/div>\n\t\t\t\t\t<\/div>\n\t\t<\/section>\n\t\t\t\t<section class=\"elementor-section elementor-top-section elementor-element elementor-element-78e948a4 elementor-section-boxed elementor-section-height-default elementor-section-height-default\" data-id=\"78e948a4\" data-element_type=\"section\" data-e-type=\"section\" data-settings=\"{&quot;jet_parallax_layout_list&quot;:[]}\">\n\t\t\t\t\t\t<div class=\"elementor-container elementor-column-gap-default\">\n\t\t\t\t\t<div class=\"elementor-column elementor-col-100 elementor-top-column elementor-element elementor-element-a465428\" data-id=\"a465428\" data-element_type=\"column\" data-e-type=\"column\">\n\t\t\t<div class=\"elementor-widget-wrap elementor-element-populated\">\n\t\t\t\t\t\t<div class=\"elementor-element elementor-element-2d419468 elementor-widget elementor-widget-heading\" data-id=\"2d419468\" data-element_type=\"widget\" data-e-type=\"widget\" data-widget_type=\"heading.default\">\n\t\t\t\t<div class=\"elementor-widget-container\">\n\t\t\t\t\t<h2 class=\"elementor-heading-title elementor-size-default\">Was ist SEO?<\/h2>\t\t\t\t<\/div>\n\t\t\t\t<\/div>\n\t\t\t\t<div class=\"elementor-element elementor-element-532656b2 elementor-widget elementor-widget-text-editor\" data-id=\"532656b2\" data-element_type=\"widget\" data-e-type=\"widget\" data-widget_type=\"text-editor.default\">\n\t\t\t\t<div class=\"elementor-widget-container\">\n\t\t\t\t\t\t\t\t\t<p>SEO steht f\u00fcr Suchmaschinenoptimierung und umfasst die Verfahren, Methoden und Strategien, die Ihnen helfen, in den Suchmaschinenergebnissen weiter oben zu erscheinen. So k\u00f6nnen Sie den Traffic Ihrer Website in den Suchmaschinen f\u00fcr den eingegebenen Suchbegriff erh\u00f6hen. <\/p><p>SEO ist eine Reihe von Techniken und Tools, die daf\u00fcr sorgen sollen, dass Ihre Website in Suchmaschinen wie Google usw. weit oben rangiert. Unser Ziel ist es, Ihre Website auf die ersten drei Seiten der Google-Suchergebnisse zu bringen. Warum die ersten drei Seiten?  <\/p><p> <\/p><p>Das liegt daran, dass nur die ersten drei Seiten von den meisten Menschen gesehen werden. Wenn Sie nicht auf den ersten drei Seiten sind, sind Sie praktisch unsichtbar. Wir k\u00f6nnen Ihnen bei der richtigen SEO-Optimierung Ihrer Website helfen, damit Sie auf die ersten drei Seiten der Suchergebnisse gelangen und Ihren Website-Traffic erh\u00f6hen.  <\/p>\t\t\t\t\t\t\t\t<\/div>\n\t\t\t\t<\/div>\n\t\t\t\t\t<\/div>\n\t\t<\/div>\n\t\t\t\t\t<\/div>\n\t\t<\/section>\n\t\t\t\t<section class=\"elementor-section elementor-top-section elementor-element elementor-element-47c00d9f elementor-section-boxed elementor-section-height-default elementor-section-height-default\" data-id=\"47c00d9f\" data-element_type=\"section\" data-e-type=\"section\" data-settings=\"{&quot;jet_parallax_layout_list&quot;:[]}\">\n\t\t\t\t\t\t<div class=\"elementor-container elementor-column-gap-default\">\n\t\t\t\t\t<div class=\"elementor-column elementor-col-50 elementor-top-column elementor-element elementor-element-5ae16485\" data-id=\"5ae16485\" data-element_type=\"column\" data-e-type=\"column\">\n\t\t\t<div class=\"elementor-widget-wrap elementor-element-populated\">\n\t\t\t\t\t\t<section class=\"elementor-section elementor-inner-section elementor-element elementor-element-a6b087 elementor-section-boxed elementor-section-height-default elementor-section-height-default\" data-id=\"a6b087\" data-element_type=\"section\" data-e-type=\"section\" data-settings=\"{&quot;jet_parallax_layout_list&quot;:[]}\">\n\t\t\t\t\t\t<div class=\"elementor-container elementor-column-gap-default\">\n\t\t\t\t\t<div class=\"elementor-column elementor-col-50 elementor-inner-column elementor-element elementor-element-5eaae6b\" data-id=\"5eaae6b\" data-element_type=\"column\" data-e-type=\"column\" data-settings=\"{&quot;background_background&quot;:&quot;classic&quot;}\">\n\t\t\t<div class=\"elementor-widget-wrap elementor-element-populated\">\n\t\t\t\t\t\t<div class=\"elementor-element elementor-element-5cb7b616 elementor-view-default elementor-widget elementor-widget-icon\" data-id=\"5cb7b616\" data-element_type=\"widget\" data-e-type=\"widget\" data-widget_type=\"icon.default\">\n\t\t\t\t<div class=\"elementor-widget-container\">\n\t\t\t\t\t\t\t<div class=\"elementor-icon-wrapper\">\n\t\t\t<div class=\"elementor-icon\">\n\t\t\t<i aria-hidden=\"true\" class=\"fas fa-key\"><\/i>\t\t\t<\/div>\n\t\t<\/div>\n\t\t\t\t\t\t<\/div>\n\t\t\t\t<\/div>\n\t\t\t\t<div class=\"elementor-element elementor-element-63f6d9f9 elementor-widget elementor-widget-heading\" data-id=\"63f6d9f9\" data-element_type=\"widget\" data-e-type=\"widget\" data-widget_type=\"heading.default\">\n\t\t\t\t<div class=\"elementor-widget-container\">\n\t\t\t\t\t<h2 class=\"elementor-heading-title elementor-size-default\">Schl\u00fcsselwort-Analyse<\/h2>\t\t\t\t<\/div>\n\t\t\t\t<\/div>\n\t\t\t\t\t<\/div>\n\t\t<\/div>\n\t\t\t\t<div class=\"elementor-column elementor-col-50 elementor-inner-column elementor-element elementor-element-5c0b4fe8\" data-id=\"5c0b4fe8\" data-element_type=\"column\" data-e-type=\"column\">\n\t\t\t<div class=\"elementor-widget-wrap elementor-element-populated\">\n\t\t\t\t\t\t<div class=\"elementor-element elementor-element-233fa258 elementor-view-default elementor-widget elementor-widget-icon\" data-id=\"233fa258\" data-element_type=\"widget\" data-e-type=\"widget\" data-widget_type=\"icon.default\">\n\t\t\t\t<div class=\"elementor-widget-container\">\n\t\t\t\t\t\t\t<div class=\"elementor-icon-wrapper\">\n\t\t\t<div class=\"elementor-icon\">\n\t\t\t<i aria-hidden=\"true\" class=\"fas fa-clipboard-list\"><\/i>\t\t\t<\/div>\n\t\t<\/div>\n\t\t\t\t\t\t<\/div>\n\t\t\t\t<\/div>\n\t\t\t\t<div class=\"elementor-element elementor-element-11fdf906 elementor-widget elementor-widget-heading\" data-id=\"11fdf906\" data-element_type=\"widget\" data-e-type=\"widget\" data-widget_type=\"heading.default\">\n\t\t\t\t<div class=\"elementor-widget-container\">\n\t\t\t\t\t<h2 class=\"elementor-heading-title elementor-size-default\">Strategieplanung<\/h2>\t\t\t\t<\/div>\n\t\t\t\t<\/div>\n\t\t\t\t\t<\/div>\n\t\t<\/div>\n\t\t\t\t\t<\/div>\n\t\t<\/section>\n\t\t\t\t<section class=\"elementor-section elementor-inner-section elementor-element elementor-element-6814f9e3 elementor-section-boxed elementor-section-height-default elementor-section-height-default\" data-id=\"6814f9e3\" data-element_type=\"section\" data-e-type=\"section\" data-settings=\"{&quot;jet_parallax_layout_list&quot;:[]}\">\n\t\t\t\t\t\t<div class=\"elementor-container elementor-column-gap-default\">\n\t\t\t\t\t<div class=\"elementor-column elementor-col-50 elementor-inner-column elementor-element elementor-element-7cc2c7a5\" data-id=\"7cc2c7a5\" data-element_type=\"column\" data-e-type=\"column\">\n\t\t\t<div class=\"elementor-widget-wrap elementor-element-populated\">\n\t\t\t\t\t\t<div class=\"elementor-element elementor-element-5c51eaf5 elementor-view-default elementor-widget elementor-widget-icon\" data-id=\"5c51eaf5\" data-element_type=\"widget\" data-e-type=\"widget\" data-widget_type=\"icon.default\">\n\t\t\t\t<div class=\"elementor-widget-container\">\n\t\t\t\t\t\t\t<div class=\"elementor-icon-wrapper\">\n\t\t\t<div class=\"elementor-icon\">\n\t\t\t<i aria-hidden=\"true\" class=\"fas fa-project-diagram\"><\/i>\t\t\t<\/div>\n\t\t<\/div>\n\t\t\t\t\t\t<\/div>\n\t\t\t\t<\/div>\n\t\t\t\t<div class=\"elementor-element elementor-element-1ad4b3fd elementor-widget elementor-widget-heading\" data-id=\"1ad4b3fd\" data-element_type=\"widget\" data-e-type=\"widget\" data-widget_type=\"heading.default\">\n\t\t\t\t<div class=\"elementor-widget-container\">\n\t\t\t\t\t<h2 class=\"elementor-heading-title elementor-size-default\">Struktur der Website<\/h2>\t\t\t\t<\/div>\n\t\t\t\t<\/div>\n\t\t\t\t\t<\/div>\n\t\t<\/div>\n\t\t\t\t<div class=\"elementor-column elementor-col-50 elementor-inner-column elementor-element elementor-element-169d5bbe\" data-id=\"169d5bbe\" data-element_type=\"column\" data-e-type=\"column\">\n\t\t\t<div class=\"elementor-widget-wrap elementor-element-populated\">\n\t\t\t\t\t\t<div class=\"elementor-element elementor-element-9374144 elementor-view-default elementor-widget elementor-widget-icon\" data-id=\"9374144\" data-element_type=\"widget\" data-e-type=\"widget\" data-widget_type=\"icon.default\">\n\t\t\t\t<div class=\"elementor-widget-container\">\n\t\t\t\t\t\t\t<div class=\"elementor-icon-wrapper\">\n\t\t\t<div class=\"elementor-icon\">\n\t\t\t<i aria-hidden=\"true\" class=\"fas fa-pen-fancy\"><\/i>\t\t\t<\/div>\n\t\t<\/div>\n\t\t\t\t\t\t<\/div>\n\t\t\t\t<\/div>\n\t\t\t\t<div class=\"elementor-element elementor-element-20687b18 elementor-widget elementor-widget-heading\" data-id=\"20687b18\" data-element_type=\"widget\" data-e-type=\"widget\" data-widget_type=\"heading.default\">\n\t\t\t\t<div class=\"elementor-widget-container\">\n\t\t\t\t\t<h2 class=\"elementor-heading-title elementor-size-default\">Werbetexten<\/h2>\t\t\t\t<\/div>\n\t\t\t\t<\/div>\n\t\t\t\t\t<\/div>\n\t\t<\/div>\n\t\t\t\t\t<\/div>\n\t\t<\/section>\n\t\t\t\t\t<\/div>\n\t\t<\/div>\n\t\t\t\t<div class=\"elementor-column elementor-col-50 elementor-top-column elementor-element elementor-element-59a5c4b7\" data-id=\"59a5c4b7\" data-element_type=\"column\" data-e-type=\"column\">\n\t\t\t<div class=\"elementor-widget-wrap elementor-element-populated\">\n\t\t\t\t\t\t<div class=\"elementor-element elementor-element-662b0ca1 elementor-widget elementor-widget-heading\" data-id=\"662b0ca1\" data-element_type=\"widget\" data-e-type=\"widget\" data-widget_type=\"heading.default\">\n\t\t\t\t<div class=\"elementor-widget-container\">\n\t\t\t\t\t<h2 class=\"elementor-heading-title elementor-size-default\">Wie machen wir das?<\/h2>\t\t\t\t<\/div>\n\t\t\t\t<\/div>\n\t\t\t\t<div class=\"elementor-element elementor-element-75d3375f elementor-widget elementor-widget-text-editor\" data-id=\"75d3375f\" data-element_type=\"widget\" data-e-type=\"widget\" data-widget_type=\"text-editor.default\">\n\t\t\t\t<div class=\"elementor-widget-container\">\n\t\t\t\t\t\t\t\t\t<p><strong>SEO-Analyse<\/strong> &#8211; Wir erstellen eine SEO-Analyse Ihrer Website und unterbreiten Ihnen Vorschl\u00e4ge und Empfehlungen zur L\u00f6sung von Problemen. Die SEO-Analyse fasst die Defizite Ihrer Website aus Sicht der Suchmaschinenoptimierung umfassend zusammen. <\/p><p>Durch eine SEO-Analyse erfahren Sie, wo Ihre Website in Bezug auf SEO steht. Wir untersuchen die technischen Faktoren Ihrer Website und empfehlen Ihnen, wie Sie eventuelle M\u00e4ngel beheben k\u00f6nnen. Wir konzentrieren uns auch auf den Inhalt der Website und beraten Sie, wie Sie Texte und andere Inhalte so \u00e4ndern k\u00f6nnen, dass sie den Anforderungen der Suchmaschinen entsprechen. Wir analysieren Ihr Link-Portfolio und beraten Sie, wie Sie es effektiv entwickeln k\u00f6nnen.   <\/p><p><strong>Schl\u00fcsselwortanalyse<\/strong> &#8211; Die Schl\u00fcsselwortanalyse bildet die Grundlage jeder Suchmaschinenoptimierung. Mit dieser Analyse finden wir heraus, welche Schl\u00fcsselw\u00f6rter f\u00fcr Sie die &#8222;wichtigsten&#8220; sind. Indem wir die richtigen Schl\u00fcsselw\u00f6rter sammeln, erreichen wir einen Zustand, in dem wir mit SEO weitermachen k\u00f6nnen.  <\/p><p>Diese Analyse gibt Aufschluss dar\u00fcber, welche Schl\u00fcsselw\u00f6rter f\u00fcr das Unternehmen relevant sind und von der Zielgruppe des angebotenen Produkts oder der Dienstleistung gesucht werden.<\/p><p><strong>Zusammenarbeit<\/strong> &#8211; Alles wird in Zusammenarbeit mit Ihnen getan, um sicherzustellen, dass die Inhalte auf der Website f\u00fcr Ihre Kunden\/Besucher relevant sind. Wir halten Sie \u00fcber den Status und den Erfolg von SEO auf dem Laufenden. <\/p>\t\t\t\t\t\t\t\t<\/div>\n\t\t\t\t<\/div>\n\t\t\t\t\t<\/div>\n\t\t<\/div>\n\t\t\t\t\t<\/div>\n\t\t<\/section>\n\t\t\t\t<section class=\"elementor-section elementor-top-section elementor-element elementor-element-6747a0e1 elementor-section-full_width elementor-section-height-default elementor-section-height-default\" data-id=\"6747a0e1\" data-element_type=\"section\" data-e-type=\"section\" data-settings=\"{&quot;background_background&quot;:&quot;classic&quot;,&quot;jet_parallax_layout_list&quot;:[]}\">\n\t\t\t\t\t\t<div class=\"elementor-container elementor-column-gap-wider\">\n\t\t\t\t\t<div class=\"elementor-column elementor-col-50 elementor-top-column elementor-element elementor-element-16c8a63c\" data-id=\"16c8a63c\" data-element_type=\"column\" data-e-type=\"column\">\n\t\t\t<div class=\"elementor-widget-wrap elementor-element-populated\">\n\t\t\t\t\t\t<div class=\"elementor-element elementor-element-1494a63a elementor-widget elementor-widget-image\" data-id=\"1494a63a\" data-element_type=\"widget\" data-e-type=\"widget\" data-widget_type=\"image.default\">\n\t\t\t\t<div class=\"elementor-widget-container\">\n\t\t\t\t\t\t\t\t\t\t\t\t\t\t\t<img fetchpriority=\"high\" decoding=\"async\" width=\"1024\" height=\"527\" src=\"https:\/\/webofka.sk\/wp-content\/uploads\/2021\/05\/smartmockups_kd7xdepq-1024x527-1.png\" class=\"attachment-full size-full wp-image-4807\" alt=\"\" srcset=\"https:\/\/webofka.sk\/wp-content\/uploads\/2021\/05\/smartmockups_kd7xdepq-1024x527-1.png 1024w, https:\/\/webofka.sk\/wp-content\/uploads\/2021\/05\/smartmockups_kd7xdepq-1024x527-1-300x154.png 300w, https:\/\/webofka.sk\/wp-content\/uploads\/2021\/05\/smartmockups_kd7xdepq-1024x527-1-768x395.png 768w\" sizes=\"(max-width: 1024px) 100vw, 1024px\" \/>\t\t\t\t\t\t\t\t\t\t\t\t\t\t\t<\/div>\n\t\t\t\t<\/div>\n\t\t\t\t\t<\/div>\n\t\t<\/div>\n\t\t\t\t<div class=\"elementor-column elementor-col-50 elementor-top-column elementor-element elementor-element-731049fe\" data-id=\"731049fe\" data-element_type=\"column\" data-e-type=\"column\">\n\t\t\t<div class=\"elementor-widget-wrap elementor-element-populated\">\n\t\t\t\t\t\t<div class=\"elementor-element elementor-element-4817337a elementor-widget elementor-widget-heading\" data-id=\"4817337a\" data-element_type=\"widget\" data-e-type=\"widget\" data-widget_type=\"heading.default\">\n\t\t\t\t<div class=\"elementor-widget-container\">\n\t\t\t\t\t<h2 class=\"elementor-heading-title elementor-size-default\">Siehe unsere Fallstudie<\/h2>\t\t\t\t<\/div>\n\t\t\t\t<\/div>\n\t\t\t\t<div class=\"elementor-element elementor-element-37e92ced elementor-widget elementor-widget-text-editor\" data-id=\"37e92ced\" data-element_type=\"widget\" data-e-type=\"widget\" data-widget_type=\"text-editor.default\">\n\t\t\t\t<div class=\"elementor-widget-container\">\n\t\t\t\t\t\t\t\t\t<p>Web-Optimierung muss Ihre Marke aufbauen und sie sichtbarer machen. So wie die SEO-Optimierung, die wir f\u00fcr unseren Kunden &#8211; Precerpavacky.sk &#8211; Sewer Pump Service and Replacement &#8211; durchgef\u00fchrt haben. Das Hauptziel war es, durch die Onlinepr\u00e4senz neue Kunden f\u00fcr sie zu gewinnen. Ein gutes und modernes Website-Design und Suchmaschinenoptimierung (SEO), ein paar Schl\u00fcsselw\u00f6rter und Weboptimierung sorgten daf\u00fcr, dass der Kunde derzeit auf der ersten Seite der Google-Suchmaschine erscheint.     <\/p>\t\t\t\t\t\t\t\t<\/div>\n\t\t\t\t<\/div>\n\t\t\t\t<div class=\"elementor-element elementor-element-51f4b4a elementor-widget elementor-widget-button\" data-id=\"51f4b4a\" data-element_type=\"widget\" data-e-type=\"widget\" data-widget_type=\"button.default\">\n\t\t\t\t<div class=\"elementor-widget-container\">\n\t\t\t\t\t\t\t\t\t<div class=\"elementor-button-wrapper\">\n\t\t\t\t\t<a class=\"elementor-button elementor-button-link elementor-size-md elementor-animation-float\" href=\"https:\/\/webofka.sk\/de\/referenzen\/pumpstationen-fallstudie\/\">\n\t\t\t\t\t\t<span class=\"elementor-button-content-wrapper\">\n\t\t\t\t\t\t<span class=\"elementor-button-icon\">\n\t\t\t\t<i aria-hidden=\"true\" class=\"fas fa-long-arrow-alt-right\"><\/i>\t\t\t<\/span>\n\t\t\t\t\t\t\t\t\t<span class=\"elementor-button-text\">Fallstudien ansehen<\/span>\n\t\t\t\t\t<\/span>\n\t\t\t\t\t<\/a>\n\t\t\t\t<\/div>\n\t\t\t\t\t\t\t\t<\/div>\n\t\t\t\t<\/div>\n\t\t\t\t\t<\/div>\n\t\t<\/div>\n\t\t\t\t\t<\/div>\n\t\t<\/section>\n\t\t\t\t<section class=\"elementor-section elementor-top-section elementor-element elementor-element-5b650f63 elementor-section-boxed elementor-section-height-default elementor-section-height-default\" data-id=\"5b650f63\" data-element_type=\"section\" data-e-type=\"section\" data-settings=\"{&quot;jet_parallax_layout_list&quot;:[]}\">\n\t\t\t\t\t\t<div class=\"elementor-container elementor-column-gap-default\">\n\t\t\t\t\t<div class=\"elementor-column elementor-col-100 elementor-top-column elementor-element elementor-element-4b2842f9\" data-id=\"4b2842f9\" data-element_type=\"column\" data-e-type=\"column\">\n\t\t\t<div class=\"elementor-widget-wrap elementor-element-populated\">\n\t\t\t\t\t\t<div class=\"elementor-element elementor-element-76c62b0a elementor-widget elementor-widget-heading\" data-id=\"76c62b0a\" data-element_type=\"widget\" data-e-type=\"widget\" data-widget_type=\"heading.default\">\n\t\t\t\t<div class=\"elementor-widget-container\">\n\t\t\t\t\t<h2 class=\"elementor-heading-title elementor-size-default\">Wie funktioniert das?<\/h2>\t\t\t\t<\/div>\n\t\t\t\t<\/div>\n\t\t\t\t<div class=\"elementor-element elementor-element-2032c61 elementor-widget elementor-widget-text-editor\" data-id=\"2032c61\" data-element_type=\"widget\" data-e-type=\"widget\" data-widget_type=\"text-editor.default\">\n\t\t\t\t<div class=\"elementor-widget-container\">\n\t\t\t\t\t\t\t\t\t<p>Da es besser ist, einmal zu sehen als hundertmal zu h\u00f6ren, lassen Sie uns SEO an einem praktischen Beispiel erl\u00e4utern: Stellen Sie sich vor, Sie sind ein Unternehmen, das Schaukelpferde aus Holz verkauft. Wenn Sie auf die Google-Suchmaschine klicken und das Schl\u00fcsselwort &#8222;Holzschaukelpferde&#8220; eingeben und Ihre Website nicht auf den ersten drei Seiten der Suche zu finden ist, werden Sie ziemlich verzweifelt sein. <\/p><p>Zum Gl\u00fcck gibt es jedoch M\u00f6glichkeiten, dies zu \u00e4ndern. Eine davon ist die SEO-Optimierung. <\/p>\t\t\t\t\t\t\t\t<\/div>\n\t\t\t\t<\/div>\n\t\t\t\t\t<\/div>\n\t\t<\/div>\n\t\t\t\t\t<\/div>\n\t\t<\/section>\n\t\t\t\t<section class=\"elementor-section elementor-top-section elementor-element elementor-element-6c719dfc elementor-reverse-mobile elementor-section-boxed elementor-section-height-default elementor-section-height-default\" data-id=\"6c719dfc\" data-element_type=\"section\" data-e-type=\"section\" data-settings=\"{&quot;jet_parallax_layout_list&quot;:[]}\">\n\t\t\t\t\t\t<div class=\"elementor-container elementor-column-gap-default\">\n\t\t\t\t\t<div class=\"elementor-column elementor-col-100 elementor-top-column elementor-element elementor-element-c1244e6\" data-id=\"c1244e6\" data-element_type=\"column\" data-e-type=\"column\">\n\t\t\t<div class=\"elementor-widget-wrap elementor-element-populated\">\n\t\t\t\t\t\t<div class=\"elementor-element elementor-element-5f615d42 elementor-widget elementor-widget-heading\" data-id=\"5f615d42\" data-element_type=\"widget\" data-e-type=\"widget\" data-widget_type=\"heading.default\">\n\t\t\t\t<div class=\"elementor-widget-container\">\n\t\t\t\t\t<h2 class=\"elementor-heading-title elementor-size-default\">Was werden wir Ihnen bringen?<\/h2>\t\t\t\t<\/div>\n\t\t\t\t<\/div>\n\t\t\t\t<div class=\"elementor-element elementor-element-16d5d028 elementor-widget elementor-widget-text-editor\" data-id=\"16d5d028\" data-element_type=\"widget\" data-e-type=\"widget\" data-widget_type=\"text-editor.default\">\n\t\t\t\t<div class=\"elementor-widget-container\">\n\t\t\t\t\t\t\t\t\t<p><strong>Organischer Verkehr<\/strong> &#8211; Nutzen Sie SEO, um relevanten Verkehr zu erzielen. Eine gro\u00dfe Hilfe sind Inhalte. Wir helfen Ihnen, Inhalte zu erstellen, Ihre Website damit anzureichern und sie potenziellen Besuchern anzubieten, die dort die notwendigen Informationen und Antworten auf die Fragen finden, die sie am meisten interessieren. <\/p><p><strong>Sichtbarkeit<\/strong> &#8211; Die Sichtbarkeit Ihrer Website sorgt f\u00fcr die richtige Wahl der Schl\u00fcsselw\u00f6rter. Ihre Website oder Ihr E-Shop wird f\u00fcr die richtigen Besucher leicht auffindbar sein. <\/p><p><strong>Mehr Konversionen<\/strong> &#8211; Je mehr relevante Website-Besucher wir bekommen, desto h\u00f6her ist die Anzahl der Konversionen, die wir erzielen. Jeder relevante Besucher ist ein potenzieller Kunde. <\/p>\t\t\t\t\t\t\t\t<\/div>\n\t\t\t\t<\/div>\n\t\t\t\t\t<\/div>\n\t\t<\/div>\n\t\t\t\t\t<\/div>\n\t\t<\/section>\n\t\t\t\t<section class=\"elementor-section elementor-top-section elementor-element elementor-element-6e3f845c elementor-section-boxed elementor-section-height-default elementor-section-height-default\" data-id=\"6e3f845c\" data-element_type=\"section\" data-e-type=\"section\" data-settings=\"{&quot;jet_parallax_layout_list&quot;:[]}\">\n\t\t\t\t\t\t<div class=\"elementor-container elementor-column-gap-default\">\n\t\t\t\t\t<div class=\"elementor-column elementor-col-100 elementor-top-column elementor-element elementor-element-3e9c75c3\" data-id=\"3e9c75c3\" data-element_type=\"column\" data-e-type=\"column\" data-settings=\"{&quot;background_background&quot;:&quot;classic&quot;}\">\n\t\t\t<div class=\"elementor-widget-wrap elementor-element-populated\">\n\t\t\t\t\t\t<div class=\"elementor-element elementor-element-3296d90f elementor-widget elementor-widget-heading\" data-id=\"3296d90f\" data-element_type=\"widget\" data-e-type=\"widget\" data-widget_type=\"heading.default\">\n\t\t\t\t<div class=\"elementor-widget-container\">\n\t\t\t\t\t<h2 class=\"elementor-heading-title elementor-size-default\">Seien Sie Ihrer Konkurrenz voraus<\/h2>\t\t\t\t<\/div>\n\t\t\t\t<\/div>\n\t\t\t\t<div class=\"elementor-element elementor-element-7a7586ed elementor-widget elementor-widget-text-editor\" data-id=\"7a7586ed\" data-element_type=\"widget\" data-e-type=\"widget\" data-widget_type=\"text-editor.default\">\n\t\t\t\t<div class=\"elementor-widget-container\">\n\t\t\t\t\t\t\t\t\t<p>SEO-Optimierung ist heute ein wesentlicher Bestandteil Ihrer Website und Ihres Unternehmens. Kurz gesagt: SEO f\u00fchrt dazu, dass Websites in den Suchergebnissen auftauchen. Je weiter oben sie in der Ergebnisliste stehen, desto mehr Menschen werden sie sehen und wahrscheinlich auch Ihre Website besuchen. Die h\u00f6heren Platzierungen Ihrer Website in den Suchmaschinen sind eine Quelle f\u00fcr organischen Traffic, der immer kostenlos ist. Aber die Optimierung selbst ist ein schwieriger Prozess, der eine sorgf\u00e4ltige Vorbereitung, Analyse und Verfolgung des Fortschritts und Erfolgs der Optimierung erfordert. Wenn Sie Interesse haben, helfen wir Ihnen gerne mit einer vollst\u00e4ndigen SEO-Analyse.     <\/p>\t\t\t\t\t\t\t\t<\/div>\n\t\t\t\t<\/div>\n\t\t\t\t<div class=\"elementor-element elementor-element-55ba7800 elementor-widget__width-auto elementor-hidden-mobile elementor-view-default elementor-widget elementor-widget-icon\" data-id=\"55ba7800\" data-element_type=\"widget\" data-e-type=\"widget\" data-widget_type=\"icon.default\">\n\t\t\t\t<div class=\"elementor-widget-container\">\n\t\t\t\t\t\t\t<div class=\"elementor-icon-wrapper\">\n\t\t\t<a class=\"elementor-icon\" href=\"https:\/\/webofka.sk\/kontakt\/\">\n\t\t\t<i aria-hidden=\"true\" class=\"fas fa-chevron-right\"><\/i>\t\t\t<\/a>\n\t\t<\/div>\n\t\t\t\t\t\t<\/div>\n\t\t\t\t<\/div>\n\t\t\t\t<div class=\"elementor-element elementor-element-24418076 elementor-widget__width-initial elementor-widget elementor-widget-text-editor\" data-id=\"24418076\" data-element_type=\"widget\" data-e-type=\"widget\" data-widget_type=\"text-editor.default\">\n\t\t\t\t<div class=\"elementor-widget-container\">\n\t\t\t\t\t\t\t\t\t<p><span style=\"color: #ccffff;\"><a style=\"color: #ccffff;\" href=\"https:\/\/webofka.sk\/kontakt\/\">Bestellen Sie Ihre Analyse<\/a><\/span><\/p>\t\t\t\t\t\t\t\t<\/div>\n\t\t\t\t<\/div>\n\t\t\t\t\t<\/div>\n\t\t<\/div>\n\t\t\t\t\t<\/div>\n\t\t<\/section>\n\t\t\t\t<\/div>\n\t\t","protected":false},"excerpt":{"rendered":"<p>Was ist SEO? SEO steht f\u00fcr Suchmaschinenoptimierung und umfasst die Verfahren, Methoden und Strategien, die Ihnen helfen, in den Suchmaschinenergebnissen weiter oben zu erscheinen. So k\u00f6nnen Sie den Traffic Ihrer Website in den Suchmaschinen f\u00fcr den eingegebenen Suchbegriff erh\u00f6hen. SEO ist eine Reihe von Techniken und Tools, die daf\u00fcr sorgen sollen, dass Ihre Website in [&hellip;]<\/p>\n","protected":false},"author":1,"featured_media":0,"parent":0,"menu_order":0,"comment_status":"closed","ping_status":"closed","template":"elementor_header_footer","meta":{"_acf_changed":false,"footnotes":""},"class_list":["post-4805","page","type-page","status-publish","hentry"],"acf":[],"_links":{"self":[{"href":"https:\/\/webofka.sk\/de\/wp-json\/wp\/v2\/pages\/4805","targetHints":{"allow":["GET"]}}],"collection":[{"href":"https:\/\/webofka.sk\/de\/wp-json\/wp\/v2\/pages"}],"about":[{"href":"https:\/\/webofka.sk\/de\/wp-json\/wp\/v2\/types\/page"}],"author":[{"embeddable":true,"href":"https:\/\/webofka.sk\/de\/wp-json\/wp\/v2\/users\/1"}],"replies":[{"embeddable":true,"href":"https:\/\/webofka.sk\/de\/wp-json\/wp\/v2\/comments?post=4805"}],"version-history":[{"count":3,"href":"https:\/\/webofka.sk\/de\/wp-json\/wp\/v2\/pages\/4805\/revisions"}],"predecessor-version":[{"id":4812,"href":"https:\/\/webofka.sk\/de\/wp-json\/wp\/v2\/pages\/4805\/revisions\/4812"}],"wp:attachment":[{"href":"https:\/\/webofka.sk\/de\/wp-json\/wp\/v2\/media?parent=4805"}],"curies":[{"name":"wp","href":"https:\/\/api.w.org\/{rel}","templated":true}]}}